{"id":23,"date":"2015-11-20T15:53:24","date_gmt":"2015-11-20T14:53:24","guid":{"rendered":"https:\/\/inge-brandenburg.de\/?page_id=23"},"modified":"2023-07-21T14:41:28","modified_gmt":"2023-07-21T12:41:28","slug":"preise-verliehen","status":"publish","type":"page","link":"https:\/\/inge-brandenburg.de\/?page_id=23","title":{"rendered":"Preise verliehen"},"content":{"rendered":"<div class=\"wp-block-image\">\n<figure class=\"alignright size-large is-resized\"><img loading=\"lazy\" decoding=\"async\" src=\"https:\/\/inge-brandenburg.de\/wp-content\/uploads\/2023\/07\/Urkunde-Schallplattenkritik-721x1024.jpg\" alt=\"\" class=\"wp-image-84\" width=\"317\" height=\"450\" srcset=\"https:\/\/inge-brandenburg.de\/wp-content\/uploads\/2023\/07\/Urkunde-Schallplattenkritik-721x1024.jpg 721w, https:\/\/inge-brandenburg.de\/wp-content\/uploads\/2023\/07\/Urkunde-Schallplattenkritik-211x300.jpg 211w, https:\/\/inge-brandenburg.de\/wp-content\/uploads\/2023\/07\/Urkunde-Schallplattenkritik-768x1091.jpg 768w, https:\/\/inge-brandenburg.de\/wp-content\/uploads\/2023\/07\/Urkunde-Schallplattenkritik-1081x1536.jpg 1081w, https:\/\/inge-brandenburg.de\/wp-content\/uploads\/2023\/07\/Urkunde-Schallplattenkritik.jpg 1218w\" sizes=\"auto, (max-width: 317px) 100vw, 317px\" \/><\/figure><\/div>\n\n\n<p><b>Auszeichnung f\u00fcr die CD und DVD \u201eSING!, INGE, SING\u201c:&nbsp;<\/b><\/p>\n\n\n\n<p><b>PREIS DER DEUTSCHEN SCHALLPLATTENKRITIK 2012<\/b><\/p>\n\n\n\n<p><strong>B<\/strong><strong>egr\u00fcndung der Jury<\/strong><strong>:<\/strong>&nbsp;\u201eRegisseur Marc Boettcher erinnert an eine hochtalentierte K\u00fcnstlerin, die zur falschen Zeit am falschen Ort war. Mit einer F\u00fclle an Material und in zahlreichen Interviews portr\u00e4tiert er eine nicht eben pflegeleichte Pers\u00f6nlichkeit mit von Problemen \u00fcberschatteter Biographie. Beide Produktionen (CD und DVD) bilden nun das ebenso \u00fcberf\u00e4llige wie w\u00fcrdige Denkmal f\u00fcr die bewegende Ausdruckskraft dieser dunklen warmen Stimme, mit ihrem einmaligen Gesp\u00fcr f\u00fcr Timing und Blue Notes. Die Wiederentdeckung des Jahres in Sachen \u201aJazz in Deutschland\u2018!\u201c<\/p>\n\n\n\n<p>Nach den Auszeichnungen der Filmbewertungsstelle als&nbsp;<strong>Film des Monats<\/strong>&nbsp;und dem&nbsp;<strong>Pr\u00e4dikat Wertvoll<\/strong>&nbsp;sowie der&nbsp;&nbsp;<strong>Grimme-Preis-Nominierung 2013&nbsp;<\/strong>&nbsp;f\u00fcr die ARTE-Kurzversion erhielten Labelchefin Doris Kaempfert und Produzent Marc Boettcher den&nbsp;<strong>Preis der deutschen Schallplattenkritik<\/strong>&nbsp;f\u00fcr die&nbsp;<strong>CD<\/strong>&nbsp;zum Film und die&nbsp;<strong>DVD<\/strong>&nbsp;&nbsp;<em><strong>SING! INGE, SING! &#8211; der zerbrochene Traum der Inge Brandenburg<\/strong><\/em>. DVD und CD sind \u00fcberall im erh\u00e4ltlich sowie&nbsp; hier bei Amazon direkt bestellbar:<\/p>\n\n\n\n<p>After the documentary was named&nbsp;<strong>Film of the Month<\/strong>&nbsp;by the German Film Classification Board, Doris Kaempfert, the head of the label, and the film\u2019s producer Marc Boettcher have received the&nbsp;<strong>German Record Critics\u2019 Award<\/strong>&nbsp;for the CD +DVD to the film&nbsp;<strong><i>SING! INGE, SING! The Shattered Dream of Inge Brandenburg<\/i><\/strong>. Both (DVD +CD) are available in shops and online and can be ordered directly from Amazon using the following link:<\/p>\n\n\n\n<h3 class=\"wp-block-heading has-text-align-center\"><a title=\"Amazon - DVD\" href=\"http:\/\/www.amazon.de\/Sing-Inge-sing-zerbrochene-Brandenburg\/dp\/B007V99F5E\/ref=sr_1_1?ie=UTF8&amp;qid=1343675581&amp;sr=8-1\" target=\"_blank\" rel=\"noopener noreferrer\">Kaufen\/Buy DVD<\/a>&nbsp; &nbsp;<a title=\"Amazon - CD\" href=\"http:\/\/www.amazon.de\/Sing-Inge-Brandenburg\/dp\/B004ZH356A\/ref=sr_1_2?ie=UTF8&amp;qid=1343675581&amp;sr=8-2\" target=\"_blank\" rel=\"noopener noreferrer\">Kaufen\/Buy CD<\/a><\/h3>\n\n\n\n<p>Unter mehr als 800 Einreichungen wurde am 29. Januar 2013 die Dokumentation &#8222;Die deutsche Lady Jazz &#8211; Inge Brandenburg&#8220; f\u00fcr den&nbsp;<strong>Grimme-Preis 2013 nominiert<\/strong>.&nbsp;Die 52 min. Kurzversion des Kinofilms (117 min) hatte am 5.12.2012 auf ARTE TV-Premiere!<\/p>\n","protected":false},"excerpt":{"rendered":"<p>Auszeichnung f\u00fcr die CD und DVD \u201eSING!, INGE, SING\u201c:&nbsp; PREIS DER DEUTSCHEN SCHALLPLATTENKRITIK 2012 Begr\u00fcndung der Jury:&nbsp;\u201eRegisseur Marc Boettcher erinnert an eine hochtalentierte K\u00fcnstlerin, die zur falschen Zeit am falschen Ort war. Mit einer F\u00fclle an Material und in zahlreichen Interviews portr\u00e4tiert er eine nicht eben pflegeleichte Pers\u00f6nlichkeit mit von Problemen \u00fcberschatteter Biographie. Beide Produktionen [&hellip;]<\/p>\n","protected":false},"author":1,"featured_media":0,"parent":0,"menu_order":5,"comment_status":"closed","ping_status":"closed","template":"","meta":{"footnotes":""},"class_list":["post-23","page","type-page","status-publish","hentry"],"_links":{"self":[{"href":"https:\/\/inge-brandenburg.de\/index.php?rest_route=\/wp\/v2\/pages\/23","targetHints":{"allow":["GET"]}}],"collection":[{"href":"https:\/\/inge-brandenburg.de\/index.php?rest_route=\/wp\/v2\/pages"}],"about":[{"href":"https:\/\/inge-brandenburg.de\/index.php?rest_route=\/wp\/v2\/types\/page"}],"author":[{"embeddable":true,"href":"https:\/\/inge-brandenburg.de\/index.php?rest_route=\/wp\/v2\/users\/1"}],"replies":[{"embeddable":true,"href":"https:\/\/inge-brandenburg.de\/index.php?rest_route=%2Fwp%2Fv2%2Fcomments&post=23"}],"version-history":[{"count":2,"href":"https:\/\/inge-brandenburg.de\/index.php?rest_route=\/wp\/v2\/pages\/23\/revisions"}],"predecessor-version":[{"id":225,"href":"https:\/\/inge-brandenburg.de\/index.php?rest_route=\/wp\/v2\/pages\/23\/revisions\/225"}],"wp:attachment":[{"href":"https:\/\/inge-brandenburg.de\/index.php?rest_route=%2Fwp%2Fv2%2Fmedia&parent=23"}],"curies":[{"name":"wp","href":"https:\/\/api.w.org\/{rel}","templated":true}]}}