{"id":15,"date":"2015-11-20T15:44:52","date_gmt":"2015-11-20T14:44:52","guid":{"rendered":"https:\/\/inge-brandenburg.de\/?page_id=15"},"modified":"2023-07-20T21:04:43","modified_gmt":"2023-07-20T19:04:43","slug":"filmpremiere-sing-inge-sing-im-haus-der-kulturen-berlin-25-oktober-2011","status":"publish","type":"page","link":"https:\/\/inge-brandenburg.de\/?page_id=15","title":{"rendered":"Filmpremiere \u201eSING! INGE, SING!\u201c im Haus der Kulturen, Berlin 25. Oktober 2011"},"content":{"rendered":"\n<figure class=\"wp-block-image size-large\"><img loading=\"lazy\" decoding=\"async\" width=\"1024\" height=\"676\" src=\"https:\/\/inge-brandenburg.de\/wp-content\/uploads\/2023\/07\/HdK1-1024x676.jpg\" alt=\"\" class=\"wp-image-107\" srcset=\"https:\/\/inge-brandenburg.de\/wp-content\/uploads\/2023\/07\/HdK1-1024x676.jpg 1024w, https:\/\/inge-brandenburg.de\/wp-content\/uploads\/2023\/07\/HdK1-300x198.jpg 300w, https:\/\/inge-brandenburg.de\/wp-content\/uploads\/2023\/07\/HdK1-768x507.jpg 768w, https:\/\/inge-brandenburg.de\/wp-content\/uploads\/2023\/07\/HdK1.jpg 1030w\" sizes=\"auto, (max-width: 1024px) 100vw, 1024px\" \/><\/figure>\n\n\n\n<figure class=\"wp-block-image size-large\"><img loading=\"lazy\" decoding=\"async\" width=\"1024\" height=\"675\" src=\"https:\/\/inge-brandenburg.de\/wp-content\/uploads\/2023\/07\/HdK2-1024x675.jpg\" alt=\"\" class=\"wp-image-108\" srcset=\"https:\/\/inge-brandenburg.de\/wp-content\/uploads\/2023\/07\/HdK2-1024x675.jpg 1024w, https:\/\/inge-brandenburg.de\/wp-content\/uploads\/2023\/07\/HdK2-300x198.jpg 300w, https:\/\/inge-brandenburg.de\/wp-content\/uploads\/2023\/07\/HdK2-768x506.jpg 768w, https:\/\/inge-brandenburg.de\/wp-content\/uploads\/2023\/07\/HdK2.jpg 1033w\" sizes=\"auto, (max-width: 1024px) 100vw, 1024px\" \/><\/figure>\n\n\n\n<p>Die Massen str\u00f6men ins ausverkaufte Haus<\/p>\n\n\n\n<figure class=\"wp-block-image size-large\"><img loading=\"lazy\" decoding=\"async\" width=\"1024\" height=\"676\" src=\"https:\/\/inge-brandenburg.de\/wp-content\/uploads\/2023\/07\/HdK3-1024x676.jpg\" alt=\"\" class=\"wp-image-109\" srcset=\"https:\/\/inge-brandenburg.de\/wp-content\/uploads\/2023\/07\/HdK3-1024x676.jpg 1024w, https:\/\/inge-brandenburg.de\/wp-content\/uploads\/2023\/07\/HdK3-300x198.jpg 300w, https:\/\/inge-brandenburg.de\/wp-content\/uploads\/2023\/07\/HdK3-768x507.jpg 768w, https:\/\/inge-brandenburg.de\/wp-content\/uploads\/2023\/07\/HdK3.jpg 1031w\" sizes=\"auto, (max-width: 1024px) 100vw, 1024px\" \/><\/figure>\n\n\n\n<p>Tanja Boettcher, Produktionsleiterin Regina Paul mit ihrem Lebenspartner Andreas<\/p>\n\n\n\n<figure class=\"wp-block-image size-large\"><img loading=\"lazy\" decoding=\"async\" width=\"1024\" height=\"683\" src=\"https:\/\/inge-brandenburg.de\/wp-content\/uploads\/2023\/07\/HdK4-1024x683.jpg\" alt=\"\" class=\"wp-image-105\" srcset=\"https:\/\/inge-brandenburg.de\/wp-content\/uploads\/2023\/07\/HdK4-1024x683.jpg 1024w, https:\/\/inge-brandenburg.de\/wp-content\/uploads\/2023\/07\/HdK4-300x200.jpg 300w, https:\/\/inge-brandenburg.de\/wp-content\/uploads\/2023\/07\/HdK4-768x512.jpg 768w, https:\/\/inge-brandenburg.de\/wp-content\/uploads\/2023\/07\/HdK4.jpg 1032w\" sizes=\"auto, (max-width: 1024px) 100vw, 1024px\" \/><\/figure>\n\n\n\n<p>Schauspielerin Barbara Sch\u00f6ne sowie Klarinettist Rolf K\u00fchn mit Ehefrau Melanie sind gespannt<\/p>\n\n\n\n<div class=\"wp-block-columns is-layout-flex wp-container-core-columns-is-layout-9d6595d7 wp-block-columns-is-layout-flex\">\n<div class=\"wp-block-column is-layout-flow wp-block-column-is-layout-flow\">\n<figure class=\"wp-block-image size-full\"><img loading=\"lazy\" decoding=\"async\" width=\"504\" height=\"725\" src=\"https:\/\/inge-brandenburg.de\/wp-content\/uploads\/2023\/07\/HdK5.jpg\" alt=\"\" class=\"wp-image-106\" srcset=\"https:\/\/inge-brandenburg.de\/wp-content\/uploads\/2023\/07\/HdK5.jpg 504w, https:\/\/inge-brandenburg.de\/wp-content\/uploads\/2023\/07\/HdK5-209x300.jpg 209w\" sizes=\"auto, (max-width: 504px) 100vw, 504px\" \/><\/figure>\n<\/div>\n\n\n\n<div class=\"wp-block-column is-layout-flow wp-block-column-is-layout-flow\">\n<figure class=\"wp-block-image size-full is-resized\"><img loading=\"lazy\" decoding=\"async\" src=\"https:\/\/inge-brandenburg.de\/wp-content\/uploads\/2023\/07\/HdK6.jpg\" alt=\"\" class=\"wp-image-104\" width=\"380\" height=\"580\" srcset=\"https:\/\/inge-brandenburg.de\/wp-content\/uploads\/2023\/07\/HdK6.jpg 477w, https:\/\/inge-brandenburg.de\/wp-content\/uploads\/2023\/07\/HdK6-196x300.jpg 196w\" sizes=\"auto, (max-width: 380px) 100vw, 380px\" \/><\/figure>\n<\/div>\n<\/div>\n\n\n\n<p>Chansonnier Tim Fischer mit Managerin + Mann, rechts: M. B. begr\u00fc\u00dft Sylke Merboldt, Jazzinstitut Regensburg<\/p>\n\n\n\n<figure class=\"wp-block-image size-large\"><img loading=\"lazy\" decoding=\"async\" width=\"1024\" height=\"675\" src=\"https:\/\/inge-brandenburg.de\/wp-content\/uploads\/2023\/07\/HdK7-1024x675.jpg\" alt=\"\" class=\"wp-image-103\" srcset=\"https:\/\/inge-brandenburg.de\/wp-content\/uploads\/2023\/07\/HdK7-1024x675.jpg 1024w, https:\/\/inge-brandenburg.de\/wp-content\/uploads\/2023\/07\/HdK7-300x198.jpg 300w, https:\/\/inge-brandenburg.de\/wp-content\/uploads\/2023\/07\/HdK7-768x506.jpg 768w, https:\/\/inge-brandenburg.de\/wp-content\/uploads\/2023\/07\/HdK7.jpg 1029w\" sizes=\"auto, (max-width: 1024px) 100vw, 1024px\" \/><\/figure>\n\n\n\n<p>Begr\u00fc\u00dfung von Gitte Haenning und S\u00e4ngerin Saba Komossa<\/p>\n\n\n\n<figure class=\"wp-block-image size-large\"><img loading=\"lazy\" decoding=\"async\" width=\"1024\" height=\"678\" src=\"https:\/\/inge-brandenburg.de\/wp-content\/uploads\/2023\/07\/HdK8-1024x678.jpg\" alt=\"\" class=\"wp-image-101\" srcset=\"https:\/\/inge-brandenburg.de\/wp-content\/uploads\/2023\/07\/HdK8-1024x678.jpg 1024w, https:\/\/inge-brandenburg.de\/wp-content\/uploads\/2023\/07\/HdK8-300x199.jpg 300w, https:\/\/inge-brandenburg.de\/wp-content\/uploads\/2023\/07\/HdK8-768x508.jpg 768w, https:\/\/inge-brandenburg.de\/wp-content\/uploads\/2023\/07\/HdK8.jpg 1029w\" sizes=\"auto, (max-width: 1024px) 100vw, 1024px\" \/><\/figure>\n\n\n\n<p>Fernsehinterview mit dem Nachlass-Finder Thomas Rautenberg aus M\u00fcnchen<\/p>\n\n\n\n<div class=\"wp-block-columns is-layout-flex wp-container-core-columns-is-layout-9d6595d7 wp-block-columns-is-layout-flex\">\n<div class=\"wp-block-column is-layout-flow wp-block-column-is-layout-flow\">\n<figure class=\"wp-block-image size-large\"><img loading=\"lazy\" decoding=\"async\" width=\"1024\" height=\"675\" src=\"https:\/\/inge-brandenburg.de\/wp-content\/uploads\/2023\/07\/HdK9-1024x675.jpg\" alt=\"\" class=\"wp-image-102\" srcset=\"https:\/\/inge-brandenburg.de\/wp-content\/uploads\/2023\/07\/HdK9-1024x675.jpg 1024w, https:\/\/inge-brandenburg.de\/wp-content\/uploads\/2023\/07\/HdK9-300x198.jpg 300w, https:\/\/inge-brandenburg.de\/wp-content\/uploads\/2023\/07\/HdK9-768x506.jpg 768w, https:\/\/inge-brandenburg.de\/wp-content\/uploads\/2023\/07\/HdK9.jpg 1032w\" sizes=\"auto, (max-width: 1024px) 100vw, 1024px\" \/><\/figure>\n<\/div>\n\n\n\n<div class=\"wp-block-column is-layout-flow wp-block-column-is-layout-flow\">\n<figure class=\"wp-block-image size-large\"><img loading=\"lazy\" decoding=\"async\" width=\"1024\" height=\"676\" src=\"https:\/\/inge-brandenburg.de\/wp-content\/uploads\/2023\/07\/HdK10-1024x676.jpg\" alt=\"\" class=\"wp-image-112\" srcset=\"https:\/\/inge-brandenburg.de\/wp-content\/uploads\/2023\/07\/HdK10-1024x676.jpg 1024w, https:\/\/inge-brandenburg.de\/wp-content\/uploads\/2023\/07\/HdK10-300x198.jpg 300w, https:\/\/inge-brandenburg.de\/wp-content\/uploads\/2023\/07\/HdK10-768x507.jpg 768w, https:\/\/inge-brandenburg.de\/wp-content\/uploads\/2023\/07\/HdK10.jpg 1032w\" sizes=\"auto, (max-width: 1024px) 100vw, 1024px\" \/><\/figure>\n<\/div>\n<\/div>\n\n\n\n<p>Der Saal mit 500 Pl\u00e4tzen<\/p>\n\n\n\n<figure class=\"wp-block-image size-large\"><img loading=\"lazy\" decoding=\"async\" width=\"1024\" height=\"678\" src=\"https:\/\/inge-brandenburg.de\/wp-content\/uploads\/2023\/07\/HdK11-1024x678.jpg\" alt=\"\" class=\"wp-image-113\" srcset=\"https:\/\/inge-brandenburg.de\/wp-content\/uploads\/2023\/07\/HdK11-1024x678.jpg 1024w, https:\/\/inge-brandenburg.de\/wp-content\/uploads\/2023\/07\/HdK11-300x199.jpg 300w, https:\/\/inge-brandenburg.de\/wp-content\/uploads\/2023\/07\/HdK11-768x508.jpg 768w, https:\/\/inge-brandenburg.de\/wp-content\/uploads\/2023\/07\/HdK11.jpg 1026w\" sizes=\"auto, (max-width: 1024px) 100vw, 1024px\" \/><\/figure>\n\n\n\n<p>Autorin Gunna Wendt \u00fcberreicht nach der Ansprache das Mikrophon an den Filmemacher<\/p>\n\n\n\n<figure class=\"wp-block-image size-large\"><img loading=\"lazy\" decoding=\"async\" width=\"1024\" height=\"678\" src=\"https:\/\/inge-brandenburg.de\/wp-content\/uploads\/2023\/07\/HdK12-1024x678.jpg\" alt=\"\" class=\"wp-image-111\" srcset=\"https:\/\/inge-brandenburg.de\/wp-content\/uploads\/2023\/07\/HdK12-1024x678.jpg 1024w, https:\/\/inge-brandenburg.de\/wp-content\/uploads\/2023\/07\/HdK12-300x199.jpg 300w, https:\/\/inge-brandenburg.de\/wp-content\/uploads\/2023\/07\/HdK12-768x508.jpg 768w, https:\/\/inge-brandenburg.de\/wp-content\/uploads\/2023\/07\/HdK12.jpg 1029w\" sizes=\"auto, (max-width: 1024px) 100vw, 1024px\" \/><\/figure>\n\n\n\n<p>Musiker Emil Mangelsdorff und seine Frau Monique schwelgen in Erinnerungen<\/p>\n\n\n\n<figure class=\"wp-block-image size-large\"><img loading=\"lazy\" decoding=\"async\" width=\"1024\" height=\"662\" src=\"https:\/\/inge-brandenburg.de\/wp-content\/uploads\/2023\/07\/HdK13-1024x662.jpg\" alt=\"\" class=\"wp-image-110\" srcset=\"https:\/\/inge-brandenburg.de\/wp-content\/uploads\/2023\/07\/HdK13-1024x662.jpg 1024w, https:\/\/inge-brandenburg.de\/wp-content\/uploads\/2023\/07\/HdK13-300x194.jpg 300w, https:\/\/inge-brandenburg.de\/wp-content\/uploads\/2023\/07\/HdK13-768x497.jpg 768w, https:\/\/inge-brandenburg.de\/wp-content\/uploads\/2023\/07\/HdK13.jpg 1028w\" sizes=\"auto, (max-width: 1024px) 100vw, 1024px\" \/><\/figure>\n\n\n\n<p>Ein gl\u00fccklicher Marc Boettcher nach Standing Ovations<\/p>\n\n\n\n<div class=\"wp-block-columns is-layout-flex wp-container-core-columns-is-layout-9d6595d7 wp-block-columns-is-layout-flex\">\n<div class=\"wp-block-column is-layout-flow wp-block-column-is-layout-flow\">\n<figure class=\"wp-block-image size-full\"><img loading=\"lazy\" decoding=\"async\" width=\"504\" height=\"765\" src=\"https:\/\/inge-brandenburg.de\/wp-content\/uploads\/2023\/07\/HdK14.jpg\" alt=\"\" class=\"wp-image-115\" srcset=\"https:\/\/inge-brandenburg.de\/wp-content\/uploads\/2023\/07\/HdK14.jpg 504w, https:\/\/inge-brandenburg.de\/wp-content\/uploads\/2023\/07\/HdK14-198x300.jpg 198w\" sizes=\"auto, (max-width: 504px) 100vw, 504px\" \/><\/figure>\n<\/div>\n\n\n\n<div class=\"wp-block-column is-layout-flow wp-block-column-is-layout-flow\">\n<figure class=\"wp-block-image size-full\"><img loading=\"lazy\" decoding=\"async\" width=\"502\" height=\"763\" src=\"https:\/\/inge-brandenburg.de\/wp-content\/uploads\/2023\/07\/HdK15.jpg\" alt=\"\" class=\"wp-image-114\" srcset=\"https:\/\/inge-brandenburg.de\/wp-content\/uploads\/2023\/07\/HdK15.jpg 502w, https:\/\/inge-brandenburg.de\/wp-content\/uploads\/2023\/07\/HdK15-197x300.jpg 197w\" sizes=\"auto, (max-width: 502px) 100vw, 502px\" \/><\/figure>\n<\/div>\n<\/div>\n\n\n\n<p>Labelqueen Doris Kaempfert er\u00f6ffnet das musikalische Programm, rechts: Gitte Haenning + Emil Mangelsdorff<\/p>\n\n\n\n<figure class=\"wp-block-image size-large\"><img loading=\"lazy\" decoding=\"async\" width=\"1024\" height=\"679\" src=\"https:\/\/inge-brandenburg.de\/wp-content\/uploads\/2023\/07\/HdK16-1024x679.jpg\" alt=\"\" class=\"wp-image-116\" srcset=\"https:\/\/inge-brandenburg.de\/wp-content\/uploads\/2023\/07\/HdK16-1024x679.jpg 1024w, https:\/\/inge-brandenburg.de\/wp-content\/uploads\/2023\/07\/HdK16-300x199.jpg 300w, https:\/\/inge-brandenburg.de\/wp-content\/uploads\/2023\/07\/HdK16-768x509.jpg 768w, https:\/\/inge-brandenburg.de\/wp-content\/uploads\/2023\/07\/HdK16.jpg 1030w\" sizes=\"auto, (max-width: 1024px) 100vw, 1024px\" \/><\/figure>\n\n\n\n<p>Posaunist Jiggs Whigham und Gitarrist Ladi Geisler, der kurz darauf verstarb<\/p>\n\n\n\n<figure class=\"wp-block-image size-large\"><img loading=\"lazy\" decoding=\"async\" width=\"1024\" height=\"720\" src=\"https:\/\/inge-brandenburg.de\/wp-content\/uploads\/2023\/07\/HdK17-1024x720.jpg\" alt=\"\" class=\"wp-image-117\" srcset=\"https:\/\/inge-brandenburg.de\/wp-content\/uploads\/2023\/07\/HdK17-1024x720.jpg 1024w, https:\/\/inge-brandenburg.de\/wp-content\/uploads\/2023\/07\/HdK17-300x211.jpg 300w, https:\/\/inge-brandenburg.de\/wp-content\/uploads\/2023\/07\/HdK17-768x540.jpg 768w, https:\/\/inge-brandenburg.de\/wp-content\/uploads\/2023\/07\/HdK17.jpg 1033w\" sizes=\"auto, (max-width: 1024px) 100vw, 1024px\" \/><\/figure>\n\n\n\n<p>S\u00e4nger Marc Secara huldigt Inge Brandenburg \u2013 und feucht-fr\u00f6hlicher Ausklang<\/p>\n\n\n\n<figure class=\"wp-block-image size-full\"><img loading=\"lazy\" decoding=\"async\" width=\"992\" height=\"727\" src=\"https:\/\/inge-brandenburg.de\/wp-content\/uploads\/2023\/07\/HdK18.jpg\" alt=\"\" class=\"wp-image-99\" srcset=\"https:\/\/inge-brandenburg.de\/wp-content\/uploads\/2023\/07\/HdK18.jpg 992w, https:\/\/inge-brandenburg.de\/wp-content\/uploads\/2023\/07\/HdK18-300x220.jpg 300w, https:\/\/inge-brandenburg.de\/wp-content\/uploads\/2023\/07\/HdK18-768x563.jpg 768w\" sizes=\"auto, (max-width: 992px) 100vw, 992px\" \/><\/figure>\n","protected":false},"excerpt":{"rendered":"<p>Die Massen str\u00f6men ins ausverkaufte Haus Tanja Boettcher, Produktionsleiterin Regina Paul mit ihrem Lebenspartner Andreas Schauspielerin Barbara Sch\u00f6ne sowie Klarinettist Rolf K\u00fchn mit Ehefrau Melanie sind gespannt Chansonnier Tim Fischer mit Managerin + Mann, rechts: M. B. begr\u00fc\u00dft Sylke Merboldt, Jazzinstitut Regensburg Begr\u00fc\u00dfung von Gitte Haenning und S\u00e4ngerin Saba Komossa Fernsehinterview mit dem Nachlass-Finder Thomas [&hellip;]<\/p>\n","protected":false},"author":1,"featured_media":0,"parent":0,"menu_order":0,"comment_status":"closed","ping_status":"closed","template":"","meta":{"footnotes":""},"class_list":["post-15","page","type-page","status-publish","hentry"],"_links":{"self":[{"href":"https:\/\/inge-brandenburg.de\/index.php?rest_route=\/wp\/v2\/pages\/15","targetHints":{"allow":["GET"]}}],"collection":[{"href":"https:\/\/inge-brandenburg.de\/index.php?rest_route=\/wp\/v2\/pages"}],"about":[{"href":"https:\/\/inge-brandenburg.de\/index.php?rest_route=\/wp\/v2\/types\/page"}],"author":[{"embeddable":true,"href":"https:\/\/inge-brandenburg.de\/index.php?rest_route=\/wp\/v2\/users\/1"}],"replies":[{"embeddable":true,"href":"https:\/\/inge-brandenburg.de\/index.php?rest_route=%2Fwp%2Fv2%2Fcomments&post=15"}],"version-history":[{"count":2,"href":"https:\/\/inge-brandenburg.de\/index.php?rest_route=\/wp\/v2\/pages\/15\/revisions"}],"predecessor-version":[{"id":124,"href":"https:\/\/inge-brandenburg.de\/index.php?rest_route=\/wp\/v2\/pages\/15\/revisions\/124"}],"wp:attachment":[{"href":"https:\/\/inge-brandenburg.de\/index.php?rest_route=%2Fwp%2Fv2%2Fmedia&parent=15"}],"curies":[{"name":"wp","href":"https:\/\/api.w.org\/{rel}","templated":true}]}}